{"id":344,"date":"2026-03-14T15:51:59","date_gmt":"2026-03-14T14:51:59","guid":{"rendered":"https:\/\/emotivart.fr\/boutique\/?post_type=product&#038;p=344"},"modified":"2026-03-14T15:51:59","modified_gmt":"2026-03-14T14:51:59","slug":"marchande-de-tapis","status":"publish","type":"product","link":"https:\/\/emotivart.fr\/boutique\/produit\/marchande-de-tapis\/","title":{"rendered":"Marchande de tapis"},"content":{"rendered":"","protected":false},"excerpt":{"rendered":"<p>Inspiration p\u00e9ninsulaire. Trois motifs de tapis \u00e0 d\u00e9couvrir !<\/p>\n<p>Reproduction d&rsquo;1 pack de 3 cartes mini-formats : 6,40&#215;8,90cm.<\/p>\n<p>Papier d&rsquo;art, 180g.<\/p>\n<p>&nbsp;<\/p>\n","protected":false},"featured_media":345,"template":"","meta":[],"product_brand":[],"product_cat":[20],"product_tag":[45,44,43],"class_list":{"0":"post-344","1":"product","2":"type-product","3":"status-publish","4":"has-post-thumbnail","6":"product_cat-illustration-traditionnelle","7":"product_tag-liban","8":"product_tag-motif","9":"product_tag-tapis","11":"first","12":"instock","13":"taxable","14":"shipping-taxable","15":"purchasable","16":"product-type-simple"},"jetpack_sharing_enabled":true,"_links":{"self":[{"href":"https:\/\/emotivart.fr\/boutique\/wp-json\/wp\/v2\/product\/344","targetHints":{"allow":["GET"]}}],"collection":[{"href":"https:\/\/emotivart.fr\/boutique\/wp-json\/wp\/v2\/product"}],"about":[{"href":"https:\/\/emotivart.fr\/boutique\/wp-json\/wp\/v2\/types\/product"}],"wp:featuredmedia":[{"embeddable":true,"href":"https:\/\/emotivart.fr\/boutique\/wp-json\/wp\/v2\/media\/345"}],"wp:attachment":[{"href":"https:\/\/emotivart.fr\/boutique\/wp-json\/wp\/v2\/media?parent=344"}],"wp:term":[{"taxonomy":"product_brand","embeddable":true,"href":"https:\/\/emotivart.fr\/boutique\/wp-json\/wp\/v2\/product_brand?post=344"},{"taxonomy":"product_cat","embeddable":true,"href":"https:\/\/emotivart.fr\/boutique\/wp-json\/wp\/v2\/product_cat?post=344"},{"taxonomy":"product_tag","embeddable":true,"href":"https:\/\/emotivart.fr\/boutique\/wp-json\/wp\/v2\/product_tag?post=344"}],"curies":[{"name":"wp","href":"https:\/\/api.w.org\/{rel}","templated":true}]}}