{"id":318,"date":"2026-03-10T00:32:54","date_gmt":"2026-03-09T23:32:54","guid":{"rendered":"https:\/\/emotivart.fr\/boutique\/?page_id=318"},"modified":"2026-03-10T00:32:54","modified_gmt":"2026-03-09T23:32:54","slug":"demarche-artistique","status":"publish","type":"page","link":"https:\/\/emotivart.fr\/boutique\/demarche-artistique\/","title":{"rendered":"D\u00e9marche artistique"},"content":{"rendered":"<p>Mon travail se situe entre le Liban et la France, nourri par une m\u00e9moire familiale, des \u00e9motions et des histoires transmises.\u00a0\u00c0 travers l\u2019art, j\u2019explore les identit\u00e9s plurielles, les h\u00e9ritages et ce qui fa\u00e7onne nos parcours.<\/p>\n<p>Mon corps et mon v\u00e9cu deviennent des points de d\u00e9part pour interroger nos singularit\u00e9s et les r\u00e9cits qu\u2019elles portent.<\/p>\n<p data-pm-slice=\"1 1 []\">J\u2019explore la linogravure, souvent associ\u00e9e \u00e0 la broderie, ainsi que l\u2019illustration traditionnelle et num\u00e9rique.\u00a0Mon travail c\u00e9l\u00e8bre les pluralit\u00e9s corporelles, culturelles et identitaires, et la puissance des histoires sensibles qui nous relient.<\/p>\n\n\n<figure class=\"wp-block-image size-large\"><img loading=\"lazy\" decoding=\"async\" width=\"889\" height=\"1024\" src=\"https:\/\/emotivart.fr\/boutique\/wp-content\/uploads\/2026\/03\/Transparent-889x1024.png\" alt=\"\" class=\"wp-image-322\" srcset=\"https:\/\/emotivart.fr\/boutique\/wp-content\/uploads\/2026\/03\/Transparent-889x1024.png 889w, https:\/\/emotivart.fr\/boutique\/wp-content\/uploads\/2026\/03\/Transparent-521x600.png 521w, https:\/\/emotivart.fr\/boutique\/wp-content\/uploads\/2026\/03\/Transparent-768x885.png 768w, https:\/\/emotivart.fr\/boutique\/wp-content\/uploads\/2026\/03\/Transparent-1333x1536.png 1333w, https:\/\/emotivart.fr\/boutique\/wp-content\/uploads\/2026\/03\/Transparent-600x692.png 600w, https:\/\/emotivart.fr\/boutique\/wp-content\/uploads\/2026\/03\/Transparent.png 1777w\" sizes=\"auto, (max-width: 889px) 100vw, 889px\" \/><\/figure>\n","protected":false},"excerpt":{"rendered":"<p>Mon travail se situe entre le Liban et la France, nourri par une m\u00e9moire familiale, des \u00e9motions et des histoires transmises.\u00a0\u00c0 travers l\u2019art, j\u2019explore les identit\u00e9s plurielles, les h\u00e9ritages et ce qui fa\u00e7onne nos parcours. Mon corps et mon v\u00e9cu deviennent des points de d\u00e9part pour interroger nos singularit\u00e9s et les r\u00e9cits qu\u2019elles portent. J\u2019explore [&hellip;]<\/p>\n","protected":false},"author":1,"featured_media":0,"parent":0,"menu_order":0,"comment_status":"closed","ping_status":"closed","template":"","meta":{"footnotes":""},"class_list":["post-318","page","type-page","status-publish","hentry"],"jetpack_sharing_enabled":true,"_links":{"self":[{"href":"https:\/\/emotivart.fr\/boutique\/wp-json\/wp\/v2\/pages\/318","targetHints":{"allow":["GET"]}}],"collection":[{"href":"https:\/\/emotivart.fr\/boutique\/wp-json\/wp\/v2\/pages"}],"about":[{"href":"https:\/\/emotivart.fr\/boutique\/wp-json\/wp\/v2\/types\/page"}],"author":[{"embeddable":true,"href":"https:\/\/emotivart.fr\/boutique\/wp-json\/wp\/v2\/users\/1"}],"replies":[{"embeddable":true,"href":"https:\/\/emotivart.fr\/boutique\/wp-json\/wp\/v2\/comments?post=318"}],"version-history":[{"count":1,"href":"https:\/\/emotivart.fr\/boutique\/wp-json\/wp\/v2\/pages\/318\/revisions"}],"predecessor-version":[{"id":323,"href":"https:\/\/emotivart.fr\/boutique\/wp-json\/wp\/v2\/pages\/318\/revisions\/323"}],"wp:attachment":[{"href":"https:\/\/emotivart.fr\/boutique\/wp-json\/wp\/v2\/media?parent=318"}],"curies":[{"name":"wp","href":"https:\/\/api.w.org\/{rel}","templated":true}]}}